{"id":67,"date":"2021-06-21T18:11:40","date_gmt":"2021-06-21T18:11:40","guid":{"rendered":"https:\/\/egorova.pl\/?page_id=67"},"modified":"2026-02-21T19:08:40","modified_gmt":"2026-02-21T19:08:40","slug":"biografia","status":"publish","type":"page","link":"https:\/\/egorova.pl\/?page_id=67","title":{"rendered":"BIOGRAFIA"},"content":{"rendered":"\n<h2 class=\"wp-block-heading\">Elena Egorova<\/h2>\n\n\n\n<p><strong>Wokalistka<\/strong>, <strong>Trener biznesu, Logopeda, Autorka Emisji G\u0142osu EGOsing, Coach.<\/strong><\/p>\n\n\n\n<div class=\"wp-block-media-text alignwide is-stacked-on-mobile is-vertically-aligned-top\" style=\"grid-template-columns:23% auto\"><figure class=\"wp-block-media-text__media\"><img loading=\"lazy\" decoding=\"async\" width=\"683\" height=\"1024\" src=\"https:\/\/egorova.pl\/wp-content\/uploads\/2021\/06\/DSC_1941-683x1024.jpg\" alt=\"\" class=\"wp-image-288 size-full\" srcset=\"https:\/\/egorova.pl\/wp-content\/uploads\/2021\/06\/DSC_1941-683x1024.jpg 683w, https:\/\/egorova.pl\/wp-content\/uploads\/2021\/06\/DSC_1941-200x300.jpg 200w, https:\/\/egorova.pl\/wp-content\/uploads\/2021\/06\/DSC_1941-768x1152.jpg 768w, https:\/\/egorova.pl\/wp-content\/uploads\/2021\/06\/DSC_1941-1024x1536.jpg 1024w, https:\/\/egorova.pl\/wp-content\/uploads\/2021\/06\/DSC_1941.jpg 1365w\" sizes=\"auto, (max-width: 683px) 100vw, 683px\" \/><\/figure><div class=\"wp-block-media-text__content\">\n<p>Absolwentka wydzia\u0142u \u201e\u015apiew solowy\u201d w Szkole Muzycznej \/ Koled\u017c im. Gniesinych w Moskwie oraz \u201eLogopedia\u201d w WSM Podyplomowe w Warszawie. Laureatka wielu konkurs\u00f3w i festiwali mi\u0119dzy innymi Moskiewski Festiwal \u201eFestos\u201d z wyr\u00f3\u017cnieniem za \u201eNajlepszy wokal\u201d.<\/p>\n\n\n\n<ul class=\"wp-block-list\">\n<li>Dyplom \u201c\u015apiew Solowy\u201d GMU im. Gniesinych, <\/li>\n\n\n\n<li>\u015awiadectwo uko\u0144czenia studi\u00f3w podyplomowych \u201cLogopedia\u201d WSM,<\/li>\n\n\n\n<li>Dyplom Master Business Trainer Level Superior 3\/B3\/ODiTK,<\/li>\n\n\n\n<li>Pierwsza nagroda: II Mistrzowski Konkurs dla Pedagog\u00f3w Muzyki,<\/li>\n\n\n\n<li>Certyfikat Coaching Spo\u0142eczny Adeptus-Fundamentals,<\/li>\n\n\n\n<li>Certyfikaty: \u201cMistrz Sztuki Sprzeda\u017cy\u201d, \u201cMistrz Sztuki Prezentacji\u201d, &#8222;WebMistrz&#8221;.<\/li>\n<\/ul>\n<\/div><\/div>\n\n\n\n<h3 class=\"wp-block-heading has-text-align-center\">Koncerty, szkolenia, warsztaty, telewizja<\/h3>\n\n\n\n<p>Do Polski przyjecha\u0142am w 2002 roku jako solistka zespo\u0142u \u201cMagnificat\u201d. Kilka lat p\u00f3\u017aniej by\u0142am zauwa\u017cona przez telewizj\u0119 Polsk\u0105 jako nauczycielka emisji g\u0142osu i wokalistka, od tego czasu jest stale ciesz\u0119 si\u0119 zaproszeniami do uczestnictwa w projektach telewizyjnych takich jak \u201cEuropa da si\u0119 lubi\u0107\u201d, \u201cKawa czy Herbata\u201d, \u201ePytanie na \u015bniadanie\u201d i innych.<\/p>\n\n\n\n<p>Mieszkaj\u0105c w Polsce za\u015bpiewa\u0142am ponad 300 koncert\u00f3w w ca\u0142ej Polsce. Ka\u017cdy wyst\u0119p to zachwyceni s\u0142uchacze &#8211; dzi\u0119kuj\u0119 wam!<\/p>\n\n\n\n<p>Jestem autorka metody pracy z g\u0142osem EGOsing\u00ae oraz blogu \u201cEmisja G\u0142osu EGOsing\u201d ze sta\u0142ymi publikacjami artyku\u0142\u00f3w na temat pracy z g\u0142osem. Laureatk\u0105 i zdobywczyni Pierwszej nagrody w II International Master Competition for Music Teachers \u2013 II Mistrzowski Konkurs dla Pedagog\u00f3w Muzyki. Od 2015 roku jestem g\u0142\u00f3wnym Jurorem Konkursu Piosenki Rosyjskiej dla dzieci i m\u0142odzie\u017cy. W roku 2019 po raz pierwszy zorganizowa\u0142am w\u0142asny Mi\u0119dzynarodowy Konkurs Piosenki Rosyjskiej, kt\u00f3ry cieszy\u0142 sie ogromnym zainteresowaniem &#8211; oko\u0142o 200uczestnik\u00f3w w kategoriach wiekowych dzieci od 5 lat oraz doros\u0142ych.<\/p>\n\n\n\n<div class=\"wp-block-columns is-layout-flex wp-container-core-columns-is-layout-9d6595d7 wp-block-columns-is-layout-flex\">\n<div class=\"wp-block-column is-layout-flow wp-block-column-is-layout-flow\" style=\"flex-basis:100%\">\n<div class=\"wp-block-columns is-layout-flex wp-container-core-columns-is-layout-9d6595d7 wp-block-columns-is-layout-flex\">\n<div class=\"wp-block-column is-layout-flow wp-block-column-is-layout-flow\">\n<h2 class=\"wp-block-heading\">Szkolenia<\/h2>\n\n\n\n<p>Ponad 1470 dni szkoleniowych &#8211; oko\u0142o 19 lat pracy trenerskiej w Warszawie, Katowicach, Krakowie, Bielsko-Bia\u0142a, Moskwie, Sankt-Petersburgu, Samarze, Ka\u0142udze, Rostowie nad Donem, Kijowie, Charkowie, Biszkeku, A\u0142macie, Kiszyniowie, i innych miastach, otrzymuj\u0105c wysokie uznanie uczestnik\u00f3w szkole\u0144 i pracodawc\u00f3w.<\/p>\n\n\n\n<p><strong>M.in. dla:&nbsp;<\/strong>ING Bank \u015al\u0105ski, EDF Fenice Poland, \u201cKoszutkowe Rytmy\u201d \u2013&nbsp; Katowice Miasto Muzyki, Centrum My\u015bli JP2, Lexmark (Lexmark International Inc.),DEPO Computers, Formoza, Toshiba Corporation, VEKA, Korporacja Vitamax, Diasoft, EuroManagement, Centrum My\u015bli Jana Paw\u0142a II.<\/p>\n<\/div>\n\n\n\n<div class=\"wp-block-column is-layout-flow wp-block-column-is-layout-flow\">\n<figure class=\"wp-block-gallery alignright has-nested-images columns-default is-cropped wp-block-gallery-1 is-layout-flex wp-block-gallery-is-layout-flex\">\n<figure class=\"wp-block-image size-large is-style-default\"><img loading=\"lazy\" decoding=\"async\" width=\"683\" height=\"1024\" data-id=\"419\" src=\"https:\/\/egorova.pl\/wp-content\/uploads\/2022\/05\/DSC_1906-683x1024.jpg\" alt=\"\" class=\"wp-image-419\" srcset=\"https:\/\/egorova.pl\/wp-content\/uploads\/2022\/05\/DSC_1906-683x1024.jpg 683w, https:\/\/egorova.pl\/wp-content\/uploads\/2022\/05\/DSC_1906-200x300.jpg 200w, https:\/\/egorova.pl\/wp-content\/uploads\/2022\/05\/DSC_1906-768x1152.jpg 768w, https:\/\/egorova.pl\/wp-content\/uploads\/2022\/05\/DSC_1906-1024x1536.jpg 1024w, https:\/\/egorova.pl\/wp-content\/uploads\/2022\/05\/DSC_1906.jpg 1365w\" sizes=\"auto, (max-width: 683px) 100vw, 683px\" \/><\/figure>\n<\/figure>\n<\/div>\n<\/div>\n<\/div>\n<\/div>\n\n\n\n<div class=\"wp-block-columns is-layout-flex wp-container-core-columns-is-layout-9d6595d7 wp-block-columns-is-layout-flex\">\n<div class=\"wp-block-column is-layout-flow wp-block-column-is-layout-flow\" style=\"flex-basis:33.33%\">\n<div class=\"wp-block-columns is-layout-flex wp-container-core-columns-is-layout-9d6595d7 wp-block-columns-is-layout-flex\">\n<div class=\"wp-block-column is-layout-flow wp-block-column-is-layout-flow\">\n<figure class=\"wp-block-image size-large\"><img loading=\"lazy\" decoding=\"async\" width=\"1024\" height=\"683\" src=\"https:\/\/egorova.pl\/wp-content\/uploads\/2021\/06\/IMG-20180708-WA0032-1024x683.jpg\" alt=\"\" class=\"wp-image-284\" srcset=\"https:\/\/egorova.pl\/wp-content\/uploads\/2021\/06\/IMG-20180708-WA0032-1024x683.jpg 1024w, https:\/\/egorova.pl\/wp-content\/uploads\/2021\/06\/IMG-20180708-WA0032-300x200.jpg 300w, https:\/\/egorova.pl\/wp-content\/uploads\/2021\/06\/IMG-20180708-WA0032-768x512.jpg 768w, https:\/\/egorova.pl\/wp-content\/uploads\/2021\/06\/IMG-20180708-WA0032.jpg 1296w\" sizes=\"auto, (max-width: 1024px) 100vw, 1024px\" \/><\/figure>\n<\/div>\n<\/div>\n<\/div>\n\n\n\n<div class=\"wp-block-column is-layout-flow wp-block-column-is-layout-flow\" style=\"flex-basis:66.66%\">\n<h2 class=\"wp-block-heading\">Warsztaty<\/h2>\n\n\n\n<p>Od 2004 roku prowadz\u0119 indywidualne oraz grupowe zaj\u0119cia po ca\u0142ej Polsce m.in. dla: Miasto Sto\u0142eczne Warszawa \u2013 letnie zaj\u0119cia warsztatowe dla mieszka\u0144c\u00f3w Warszawy w parku Skaryszewskim, \u201cKoszutkowe Rytmy\u201d \u2013 Katowice Miasto Muzyki, Misterni \/ Warsztat\u00f3w Muzycznych w Iwie\u0144cu na Bia\u0142orusi organizowanej przez Jana Pospieszalskiego i Centrum My\u015bli Jana Paw\u0142a II.<\/p>\n<\/div>\n<\/div>\n\n\n\n<div class=\"wp-block-columns is-layout-flex wp-container-core-columns-is-layout-9d6595d7 wp-block-columns-is-layout-flex\">\n<div class=\"wp-block-column is-layout-flow wp-block-column-is-layout-flow\" style=\"flex-basis:100%\">\n<div class=\"wp-block-columns is-layout-flex wp-container-core-columns-is-layout-9d6595d7 wp-block-columns-is-layout-flex\">\n<div class=\"wp-block-column is-layout-flow wp-block-column-is-layout-flow\" style=\"flex-basis:66.66%\">\n<h2 class=\"wp-block-heading\">Koncerty<\/h2>\n\n\n\n<p>Muzyka \u2013 moje to \u017cycie. Za\u015bpiewa\u0142am wielu koncert\u00f3w, w\u015br\u00f3d nich programy muzyki klasycznej, recytatywy piosenek Anny German, programy Romans\u00f3w i hit\u00f3w muzyki Rosyjskiej oraz piosenek Przedwojennej Polski oraz inne.<\/p>\n\n\n\n<p>Teraz pracuje nad w\u0142asn\u0105 p\u0142yt\u0105.<\/p>\n<\/div>\n\n\n\n<div class=\"wp-block-column is-layout-flow wp-block-column-is-layout-flow\" style=\"flex-basis:33.33%\">\n<figure class=\"wp-block-image size-large\"><img loading=\"lazy\" decoding=\"async\" width=\"681\" height=\"1024\" src=\"https:\/\/egorova.pl\/wp-content\/uploads\/2021\/07\/Dsc_9810-1-681x1024.jpg\" alt=\"\" class=\"wp-image-324\" srcset=\"https:\/\/egorova.pl\/wp-content\/uploads\/2021\/07\/Dsc_9810-1-681x1024.jpg 681w, https:\/\/egorova.pl\/wp-content\/uploads\/2021\/07\/Dsc_9810-1-200x300.jpg 200w, https:\/\/egorova.pl\/wp-content\/uploads\/2021\/07\/Dsc_9810-1-768x1154.jpg 768w, https:\/\/egorova.pl\/wp-content\/uploads\/2021\/07\/Dsc_9810-1-1022x1536.jpg 1022w, https:\/\/egorova.pl\/wp-content\/uploads\/2021\/07\/Dsc_9810-1-1363x2048.jpg 1363w, https:\/\/egorova.pl\/wp-content\/uploads\/2021\/07\/Dsc_9810-1.jpg 1416w\" sizes=\"auto, (max-width: 681px) 100vw, 681px\" \/><\/figure>\n<\/div>\n<\/div>\n\n\n\n<div class=\"wp-block-columns is-layout-flex wp-container-core-columns-is-layout-9d6595d7 wp-block-columns-is-layout-flex\">\n<div class=\"wp-block-column is-layout-flow wp-block-column-is-layout-flow\" style=\"flex-basis:33.33%\">\n<figure class=\"wp-block-image size-large\"><img loading=\"lazy\" decoding=\"async\" width=\"659\" height=\"495\" src=\"https:\/\/egorova.pl\/wp-content\/uploads\/2021\/06\/53.jpg\" alt=\"\" class=\"wp-image-184\" srcset=\"https:\/\/egorova.pl\/wp-content\/uploads\/2021\/06\/53.jpg 659w, https:\/\/egorova.pl\/wp-content\/uploads\/2021\/06\/53-300x225.jpg 300w, https:\/\/egorova.pl\/wp-content\/uploads\/2021\/06\/53-440x330.jpg 440w\" sizes=\"auto, (max-width: 659px) 100vw, 659px\" \/><\/figure>\n<\/div>\n\n\n\n<div class=\"wp-block-column is-layout-flow wp-block-column-is-layout-flow\" style=\"flex-basis:66.66%\">\n<h2 class=\"wp-block-heading\">Telewizja<\/h2>\n\n\n\n<p>Uczestniczy\u0142am w takich projektach jak&nbsp;\u201cEuropa da si\u0119 lubi\u0107\u201d, \u201cKawa czy herbata\u201d, \u201cPytanie na \u015aniadanie\u201d, projekt \u201eLady\u201d i innych. Zagra\u0142am tak\u017ce w kilku reklamach \ud83d\ude42<\/p>\n<\/div>\n<\/div>\n<\/div>\n<\/div>\n\n\n\n<div class=\"wp-block-columns is-layout-flex wp-container-core-columns-is-layout-9d6595d7 wp-block-columns-is-layout-flex\">\n<div class=\"wp-block-column is-layout-flow wp-block-column-is-layout-flow\" style=\"flex-basis:66.66%\">\n<h2 class=\"wp-block-heading\">Dzia\u0142alno\u015b\u0107 charytatywna<\/h2>\n\n\n\n<p>Od wielu lat ch\u0119tnie wspieram dzia\u0142alno\u015bci\u0105 charytatywn\u0105 dzieci niepe\u0142nosprawnych, organizacji m\u0142odzie\u017cowych. Od kilku lat Elena jest jurorem w Og\u00f3lnopolskim Konkursie Piosenki Rosyjskiej w Warszawie a tak\u017ce Konkursie Wiktoria po\u015bwi\u0119conemu tw\u00f3rczo\u015bci Anny German.<\/p>\n<\/div>\n\n\n\n<div class=\"wp-block-column is-layout-flow wp-block-column-is-layout-flow\" style=\"flex-basis:33.33%\"><div class=\"wp-block-image\">\n<figure class=\"alignright size-large is-resized\"><img loading=\"lazy\" decoding=\"async\" width=\"458\" height=\"640\" src=\"https:\/\/egorova.pl\/wp-content\/uploads\/2021\/06\/lena-romans4s.jpg\" alt=\"\" class=\"wp-image-143\" style=\"width:213px;height:297px\" srcset=\"https:\/\/egorova.pl\/wp-content\/uploads\/2021\/06\/lena-romans4s.jpg 458w, https:\/\/egorova.pl\/wp-content\/uploads\/2021\/06\/lena-romans4s-215x300.jpg 215w\" sizes=\"auto, (max-width: 458px) 100vw, 458px\" \/><\/figure>\n<\/div><\/div>\n<\/div>\n\n\n\n<div class=\"wp-block-columns is-layout-flex wp-container-core-columns-is-layout-9d6595d7 wp-block-columns-is-layout-flex\">\n<div class=\"wp-block-column is-layout-flow wp-block-column-is-layout-flow\" style=\"flex-basis:33.33%\">\n<figure class=\"wp-block-image size-large\"><img loading=\"lazy\" decoding=\"async\" width=\"1024\" height=\"845\" src=\"https:\/\/egorova.pl\/wp-content\/uploads\/2021\/06\/DSC_2668-1-1024x845.jpg\" alt=\"\" class=\"wp-image-291\" srcset=\"https:\/\/egorova.pl\/wp-content\/uploads\/2021\/06\/DSC_2668-1-1024x845.jpg 1024w, https:\/\/egorova.pl\/wp-content\/uploads\/2021\/06\/DSC_2668-1-300x248.jpg 300w, https:\/\/egorova.pl\/wp-content\/uploads\/2021\/06\/DSC_2668-1-768x634.jpg 768w, https:\/\/egorova.pl\/wp-content\/uploads\/2021\/06\/DSC_2668-1-1536x1268.jpg 1536w, https:\/\/egorova.pl\/wp-content\/uploads\/2021\/06\/DSC_2668-1.jpg 1640w\" sizes=\"auto, (max-width: 1024px) 100vw, 1024px\" \/><\/figure>\n<\/div>\n\n\n\n<div class=\"wp-block-column is-layout-flow wp-block-column-is-layout-flow\" style=\"flex-basis:66.66%\">\n<h2 class=\"wp-block-heading\">Indywidualne lekcje \u015bpiewu<\/h2>\n\n\n\n<p>Prowadz\u0119 zaj\u0119cia ze swoj\u0105 metod\u0105 EGOsing\u00ae. Metoda ta, korzystaj\u0105c z wyj\u0105tkowo\u015bci aparatu g\u0142osowego, pozwala uruchomi\u0107 pe\u0142ny, naturalny du\u017cy g\u0142os, o istnieniu kt\u00f3rego najcz\u0119\u015bciej nie zdajemy sobie sprawy. Metoda oparta na pracy z psychicznymi przyczynami blokad i stawia Ucznia przed pytaniem: \u201cco z nimi zrobi\u0119?\u201d. St\u0105d psychologiczny efekt nauki, kt\u00f3ry mo\u017ce wydawa\u0107 si\u0119 zaskakuj\u0105cy gdy\u017c skupiamy si\u0119 tylko na pracy z g\u0142osem.<\/p>\n<\/div>\n<\/div>\n\n\n\n<h2 class=\"wp-block-heading\">WWW<\/h2>\n\n\n\n<p><strong>Dzia\u0142alno\u015b\u0107 Artystyczna:<\/strong><\/p>\n\n\n\n<ul class=\"wp-block-list\">\n<li>Strona <a href=\"http:\/\/www.avella.pl\" data-type=\"URL\" data-id=\"http:\/\/www.avella.pl\">www.avella.pl<\/a> &#8211; oprawa muzyczna uroczysto\u015bci<\/li>\n\n\n\n<li>Kana\u0142 na Youtube: <a href=\"https:\/\/www.youtube.com\/user\/egorova8\">egorova8<\/a><\/li>\n<\/ul>\n\n\n<div class=\"wp-block-image\">\n<figure class=\"aligncenter\"><a href=\"https:\/\/www.youtube.com\/user\/egorova8\"><img decoding=\"async\" src=\"https:\/\/avella.pl\/wp-content\/uploads\/2022\/05\/y-egorova.png\" alt=\"\" class=\"wp-image-96\"\/><\/a><\/figure>\n<\/div>\n\n\n<p><strong>Dzia\u0142alno\u015b\u0107 Edukacyjna<\/strong>:<\/p>\n\n\n\n<ul class=\"wp-block-list\">\n<li>Strona <a href=\"http:\/\/www.egosing.pl\">www.egosing.pl<\/a><\/li>\n\n\n\n<li>Kana\u0142 na Youtube: <a href=\"https:\/\/www.youtube.com\/c\/EmisjaG%C5%82osuEGOsing\">Emisja G\u0142osu EGOsing z Elen\u0105 Egorov\u0105<\/a><\/li>\n<\/ul>\n\n\n<div class=\"wp-block-image\">\n<figure class=\"aligncenter\"><a href=\"https:\/\/www.youtube.com\/c\/EmisjaG%C5%82osuEGOsing\"><img decoding=\"async\" src=\"https:\/\/avella.pl\/wp-content\/uploads\/2022\/05\/y-egosing-1.png\" alt=\"\" class=\"wp-image-95\"\/><\/a><\/figure>\n<\/div>\n\n\n<p><\/p>\n","protected":false},"excerpt":{"rendered":"<p>Elena Egorova Wokalistka, Trener biznesu, Logopeda, Autorka Emisji G\u0142osu EGOsing, Coach. Koncerty, szkolenia, warsztaty, telewizja Do Polski przyjecha\u0142am w 2002 roku jako solistka zespo\u0142u \u201cMagnificat\u201d.<\/p>\n<p><a href=\"https:\/\/egorova.pl\/?page_id=67\" class=\"more-link\">Continue reading<span class=\"screen-reader-text\">BIOGRAFIA<\/span><\/a><\/p>\n","protected":false},"author":1,"featured_media":0,"parent":0,"menu_order":0,"comment_status":"closed","ping_status":"closed","template":"","meta":{"footnotes":""},"class_list":["post-67","page","type-page","status-publish","hentry"],"_links":{"self":[{"href":"https:\/\/egorova.pl\/index.php?rest_route=\/wp\/v2\/pages\/67","targetHints":{"allow":["GET"]}}],"collection":[{"href":"https:\/\/egorova.pl\/index.php?rest_route=\/wp\/v2\/pages"}],"about":[{"href":"https:\/\/egorova.pl\/index.php?rest_route=\/wp\/v2\/types\/page"}],"author":[{"embeddable":true,"href":"https:\/\/egorova.pl\/index.php?rest_route=\/wp\/v2\/users\/1"}],"replies":[{"embeddable":true,"href":"https:\/\/egorova.pl\/index.php?rest_route=%2Fwp%2Fv2%2Fcomments&post=67"}],"version-history":[{"count":42,"href":"https:\/\/egorova.pl\/index.php?rest_route=\/wp\/v2\/pages\/67\/revisions"}],"predecessor-version":[{"id":435,"href":"https:\/\/egorova.pl\/index.php?rest_route=\/wp\/v2\/pages\/67\/revisions\/435"}],"wp:attachment":[{"href":"https:\/\/egorova.pl\/index.php?rest_route=%2Fwp%2Fv2%2Fmedia&parent=67"}],"curies":[{"name":"wp","href":"https:\/\/api.w.org\/{rel}","templated":true}]}}