{"id":80,"date":"2021-06-21T18:41:26","date_gmt":"2021-06-21T18:41:26","guid":{"rendered":"https:\/\/egorova.pl\/?page_id=80"},"modified":"2021-06-21T21:48:09","modified_gmt":"2021-06-21T21:48:09","slug":"recenzje-2","status":"publish","type":"page","link":"https:\/\/egorova.pl\/?page_id=80","title":{"rendered":"O Lekcjach \u015apiewu"},"content":{"rendered":"\n<figure class=\"wp-block-image\"><img decoding=\"async\" src=\"https:\/\/egorova.pl\/pics\/gwiazdki.gif\" alt=\"\"\/><\/figure>\n\n\n\n<p>Lekcje u Eleny maj\u0105 na celu wyzwolenie w\u0142asnego, niczym nieskr\u0119powanego g\u0142osu. Metody stosowane przez wi\u0119kszo\u015b\u0107 nauczycieli \u015bpiewu pozwalaj\u0105 mechanicznie wzmocni\u0107 lub rozlu\u017ani\u0107 poszczeg\u00f3lne partie mi\u0119\u015bni, dzi\u0119ki czemu mo\u017cna uzyska\u0107 okre\u015blony efekt wokalny. Ale prawdziwy, niczym nieskr\u0119powany g\u0142os wyp\u0142ywa z wn\u0119trza cz\u0142owieka, jest sterowany umys\u0142em, nie cia\u0142em. To w umy\u015ble tkwi prawdziwa si\u0142a &#8211; nie w mi\u0119\u015bniach. Praca z Elen\u0105 to odkrywanie krok po kroku drogi do w\u0142asnego wn\u0119trza, eksplorowanie obszar\u00f3w na pograniczu \u015bwiadomo\u015bci i pod\u015bwiadomo\u015bci, konfrontacja z w\u0142asn\u0105 osobowo\u015bci\u0105, ze swoim prawdziwym &#8222;ja&#8221; &#8211; bo tam, w g\u0142\u0119bi duszy, przykryty cz\u0119sto grubymi warstwami przyzwyczaje\u0144, z\u0142ych nawyk\u00f3w czy naros\u0142ych latami zahamowa\u0144 psychicznych, tkwi nasz w\u0142asny, czysty, naturalny g\u0142os &#8211; g\u0142os, kt\u00f3rego nie da si\u0119 nauczy\u0107, bo on jest integraln\u0105 cz\u0119\u015bci\u0105 nas samych. Ten prawdziwy, niepowtarzalny g\u0142os mo\u017cna jedynie odnale\u017a\u0107, odkry\u0107 w sobie &#8211; i stopniowo kszta\u0142towa\u0107, zwi\u0119ksza\u0107 jego potencja\u0142. Bo \u015bpiewa\u0107 &#8211; to nie znaczy melodyjnie powtarza\u0107 wyuczony tekst. \u015apiewa\u0107 &#8211; to znaczy dawa\u0107 innym cz\u0105stk\u0119 siebie. Bez sztuczek, bez efekciarstwa i przede wszystkim &#8211; bezwysi\u0142kowo, bo w harmonii z w\u0142asn\u0105 natur\u0105. Prawdziwa bowiem si\u0142a &#8211; tak\u017ce g\u0142osu &#8211; nie polega na napinaniu mi\u0119\u015bni. Pogodzenie si\u0119 z samym sob\u0105, pe\u0142na akceptacja siebie daje wewn\u0119trzn\u0105 moc i spok\u00f3j, kt\u00f3re otwieraj\u0105 drzwi do wewn\u0119trznego \u015bwiata, gdzie mieszka nasz prawdziwy, pot\u0119\u017cny &#8211; jak my sami &#8211; g\u0142os. I w\u0142a\u015bnie drog\u0119 do tego \u015bwiata pokazuje swoim uczniom Elena. <em>Eliza Saroma-St\u0119pniewska<\/em><\/p>\n\n\n\n<figure class=\"wp-block-image\"><img decoding=\"async\" src=\"https:\/\/egorova.pl\/pics\/gwiazdki.gif\" alt=\"\"\/><\/figure>\n\n\n\n<p>Od ponad trzech miesi\u0119cy ucz\u0119szczam na lekcje do Eleny i jest to dla mnie wyj\u0105tkowe do\u015bwiadczenie, do\u015bwiadczenie, z jakim nigdy wcze\u015bniej si\u0119 nie spotka\u0142em.<br>Zaj\u0119cia odbywaj\u0105 si\u0119 w mieszkaniu Eleny, urz\u0105dzonym z wielkim smakiem i gustem. Praca na lekcjach jest bardzo g\u0142\u0119boka, odbywa si\u0119 ona nie tylko na poziomie fizycznym, ale r\u00f3wnie\u017c psychicznym i duchowym. Ka\u017cda lekcja zmusza mnie to przemy\u015ble\u0144 i zmian. Niekiedy s\u0105 to trudne tematy budz\u0105ce z\u0142o\u015b\u0107 i zniech\u0119cenie, jednak z perspektywy tych kilku miesi\u0119cy, od kiedy ucz\u0119szczam na lekcje widz\u0119 du\u017ce, pozytywne zmiany w swoim \u017cyciu. Pomimo, \u017ce tematem zaj\u0119\u0107 jest emisja g\u0142osu, metoda, kt\u00f3r\u0105 uczy Elena w magiczny spos\u00f3b wp\u0142ywa na wszystkie inne dziedziny \u017cycia. Zauwa\u017cy\u0142em to w szczeg\u00f3lno\u015bci na przyk\u0142adzie moich relacji z innymi lud\u017ami, kt\u00f3re staj\u0105 si\u0119 coraz bardziej otwarte i ciep\u0142e, z czego jestem nies\u0142ychanie zadowolony.<br>Elena jest nauczycielk\u0105 bardzo charyzmatyczn\u0105 i wymagaj\u0105c\u0105. Jednocze\u015bnie jest kobiet\u0105 bardzo wra\u017cliw\u0105 o niesamowitej intuicji i m\u0105dro\u015bci \u017cyciowej. Bardzo cz\u0119sto mam wra\u017cenie, \u017ce kr\u00f3tkim spojrzeniem potrafi doskonale dostrzec, z czym danego dnia do Niej przychodz\u0119. Dzi\u0119ki Elenie zrozumia\u0142em, czym jest prawdziwa nauka, \u017ce nie jest to przyswajanie informacji, do jakiego by\u0142em przyzwyczajony w szkole, ale g\u0142\u0119boki proces wewn\u0119trznej pracy, wymagaj\u0105cy zaanga\u017cowania, koncentracji i otwarto\u015bci umys\u0142u. <em>Marcin Teodorczyk<\/em><\/p>\n\n\n\n<figure class=\"wp-block-image\"><img decoding=\"async\" src=\"https:\/\/egorova.pl\/pics\/gwiazdki.gif\" alt=\"\"\/><\/figure>\n\n\n\n<p>Pani Elena otwiera nie tylko g\u0142os, ale i dusz\u0119. To wspania\u0142e m\u00f3c uczy\u0107 si\u0119 od wsp=ania\u0142ej osobowo\u015bci, kt\u00f3ra wci\u0105\u017c sama odkrywa mo\u017cliwo\u015bci swojego g\u0142osu. Lekcje s\u0105 jednocze\u015bnie warsztatem i eksperymentem. \u015apiew u pani Eleny to ci\u0119\u017cka praca, wymagaj\u0105ca skupienia i czasu, ale stymuluj\u0105ca do indywidualnego rozwoju. <em>Patrycja<\/em><\/p>\n\n\n\n<figure class=\"wp-block-image\"><img decoding=\"async\" src=\"https:\/\/egorova.pl\/pics\/gwiazdki.gif\" alt=\"\"\/><\/figure>\n\n\n\n<p>Lenka jest najcudowniejszym nauczycielem jakiego mo\u017cna sobie wyobrazi\u0107, nie dlatego, \u017ce uczy wspaniale i jest fachowcem, bo to jest oczywiste i nie podlega dyskusji, ale dlatego, \u017ce czyta w uczniu jak w otwartej ksi\u0119dze i dopasowuje lekcje do indywidualnych potrzeb ucznia. To oznacza, \u017ce nie prowadzi lekcji schematycznie i dzi\u0119ki temu odnosi sukcesy jako nauczyciel.<br>Przychodz\u0119 do Leny kilka miesi\u0119cy, moi znajomi s\u0142ysz\u0105 ogromne post\u0119py jakie poczyni\u0142am i zgadzam si\u0119 ze stwierdzeniem, \u017ce efekty lekcji s\u0105 bardzo szybkie, trzeba tylko chcie\u0107 i s\u0142ucha\u0107 co m\u00f3wi.<br>Poza wszystkim Lenka jest bardzo zaanga\u017cowana w to co robi, urocza, nieprzeci\u0119tnie inteligentna i weso\u0142a.<br>Wszystkim tym, kt\u00f3rzy bardzo by chcieli, ale nie maj\u0105 odwagi zapisa\u0107 si\u0119 na lekcje POLECAM lekcje u Leny, przekonacie si\u0119 jak szybko uzyskacie pewno\u015b\u0107 siebie. \ud83d\ude42 <em>Magdalena \u017b.<\/em><\/p>\n\n\n\n<figure class=\"wp-block-image\"><img decoding=\"async\" src=\"https:\/\/egorova.pl\/pics\/gwiazdki.gif\" alt=\"\"\/><\/figure>\n\n\n\n<p>Metoda nauki emisji g\u0142osu jest bardzo oryginalna i alternatywna do tych najcz\u0119\u015bciej stosowanych w Polsce. Moim zdaniem przynosi ona bardzo szybkie efekty. D\u0142ugo szuka\u0142am takich zaj\u0119\u0107 u r\u00f3\u017cnych nauczycieli i ciesz\u0119 si\u0119 \u017ce trafi\u0142am do Eleny. <em>Kinga K.<\/em><\/p>\n\n\n\n<figure class=\"wp-block-image\"><img decoding=\"async\" src=\"https:\/\/egorova.pl\/pics\/gwiazdki.gif\" alt=\"\"\/><\/figure>\n\n\n\n<p>Pani Elena Egorova jest moj\u0105 pierwsz\u0105 nauczycielk\u0119 emisji g\u0142osu. Na lekcje zacz\u0119\u0142am ucz\u0119szcza\u0107 w marcu 2010 roku. Od tego czasu nieustannie odkrywam nowe mo\u017cliwo\u015bci mojego g\u0142osu. Pocz\u0105tkowo zagubiona w zupe\u0142nie nowej wizji \u015bpiewu, z czasem zacz\u0119\u0142am rozumie\u0107, \u017ce technika proponowana przez Pani\u0105 Elen\u0119 jest jedyna, kt\u00f3ra przy stosowaniu si\u0119 do polece\u0144 nauczyciela, nie mo\u017ce mi wyrz\u0105dzi\u0107 \u017cadnej krzywdy, a je\u017celi b\u0119d\u0119 dzia\u0142a\u0142a wed\u0142ug instrukcji, mog\u0119 wiele zyska\u0107.<br>Wiedza jak\u0105 Pani Elena przekazuje nam, swoim uczniom, jest w teorii prosta &#8211; po prostu s\u0142uchaj, podporz\u0105dkuj si\u0119 swojej naturze i \u015bpiewaj. W praktyce jest to ci\u0119\u017cka praca, nie tyle fizycznie, ile kszta\u0142towanie umiej\u0119tno\u015bci skupienia.<br>Na swoich lekcjach Pani Elena wymaga maksymalnego skupienia i systematyczno\u015bci. Je\u017celi pozwolisz pokierowa\u0107 g\u0142osem i uwierzysz w przekazywan\u0105 wiedz\u0119 &#8211; odkryjesz sw\u00f3j g\u0142os na nowo. <em>Hanna Wiszniewska<\/em><\/p>\n\n\n\n<figure class=\"wp-block-image\"><img decoding=\"async\" src=\"https:\/\/egorova.pl\/pics\/gwiazdki.gif\" alt=\"\"\/><\/figure>\n\n\n\n<p>Elena jest \u015bwietnym nauczycielem. Jej genialna technika \u015bpiewu pozwala mi ka\u017cdego dnia odkrywa\u0107 potencja\u0142 mojego g\u0142osu. Sprawia, \u017ce m\u00f3j g\u0142os p\u0142ynie lekko i brzmi naturalnie. Jest takim, jakim otrzyma\u0142em go od natury.<br>Lekcje u Eleny pobieram od niespe\u0142na roku i wiem, \u017ce jest to najw\u0142a\u015bciwszy nauczyciel dla mnie. Nie s\u0105 to tylko puste s\u0142owa, lecz poparte moim do\u015bwiadczeniem i post\u0119pami jakie zrobi\u0142em pobieraj\u0105c lekcje u Eleny.<br>Elena jest osob\u0105 bardzo szczer\u0105 i bezpo\u015bredni\u0105. Kiedy trzeba to mnie pochwali, a jak robi\u0119 co\u015b \u017ale, to m\u00f3wi mi to wprost, bez owijania w bawe\u0142n\u0119. Mobilizuje mnie do koncentracji i dzia\u0142ania na pe\u0142nych obrotach, bez jakiejkolwiek taryfy ulgowej. Dzi\u0119ki temu oraz swojej wytrwa\u0142o\u015bci robi\u0119 sta\u0142e post\u0119py i jestem bardzo zadowolony odkrywaj\u0105c na nowo wci\u0105\u0107 siebie. Gor\u0105co zach\u0119cam ka\u017cdego, kto serio traktuje rozw\u00f3j swoich mo\u017cliwo\u015bci wokalnych do rozpocz\u0119cia nauki \u015bpiewu u Eleny. <em>Ludos\u0142aw Koz\u0142owski<\/em><\/p>\n\n\n\n<figure class=\"wp-block-image\"><img decoding=\"async\" src=\"https:\/\/egorova.pl\/pics\/gwiazdki.gif\" alt=\"\"\/><\/figure>\n\n\n\n<p>Ochota na nauk\u0119 \u015bpiewu przysz\u0142a do mnie do\u015b\u0107 niespodziewanie poniewa\u017c nigdy wcze\u015bniej si\u0119 tym nie zajmowa\u0142em ani zbytnio nie interesowa\u0142em. Moja wiedza na ten temat i umiej\u0119tno\u015bci by\u0142y gdzie\u015b w strefie warto\u015bci ujemnych wi\u0119c id\u0105c na pierwsze spotkanie z Len\u0105 mia\u0142em obawy czy mnie przyjmie i czy ja si\u0119 w og\u00f3le b\u0119d\u0119 nadawa\u0142 do \u015bpiewania. Moje wyobra\u017cenie o \u015bpiewie by\u0142o takie, \u017ce jest to jaka\u015b technika, czego\u015b si\u0119 trzeba nauczy\u0107, co\u015b wy\u0107wiczy\u0107. Ze zdumieniem i rado\u015bci\u0105 dowiedzia\u0142em si\u0119, \u017ce \u015bpiew jest moj\u0105 naturaln\u0105 umiej\u0119tno\u015bci\u0105 i ka\u017cdy ma to w sobie a jedyna rzecz, kt\u00f3r\u0105 trzeba wy\u0107wiczy\u0107 to uwalnianie tej naturalno\u015bci, nie zamykanie jej w ramach swoich wyobra\u017ce\u0144 o tym jak to powinno by\u0107. Okaza\u0142o si\u0119, \u017ce wbrew pozorom nie jest to zadanie \u0142atwe, wymaga zmiany my\u015blenia, podej\u015bcia do samego siebie, radzenia sobie z trem\u0105, z tym jak inni mnie postrzegaj\u0105. W tej pracy bardzo pomocna jest osobowo\u015b\u0107 Leny, kt\u00f3ra jest naturalna, szczera i otwarta wi\u0119c wszelkie pr\u00f3by zej\u015bcia z prostej drogi nauki, szukanie w\u0142asnych rozwi\u0105za\u0144, powroty do swoich schemat\u00f3w s\u0105 natychmiast demaskowane i gaszone w zarodku. Inn\u0105 cech\u0105 Leny, niezwykle pomocn\u0105 w ca\u0142ym procesie nauki cho\u0107 nie zawsze mi\u0142\u0105 i przyjemn\u0105 jest jej zaanga\u017cowanie i wymaganie zaanga\u017cowania i pracy od uczni\u00f3w. Tak, nauka \u015bpiewu wymaga du\u017co zaanga\u017cowania, determinacji i ch\u0119ci. Ale ja id\u0105c na pierwsze spotkanie bardzo chcia\u0142em nauczy\u0107 si\u0119 \u015bpiewa\u0107 i to mi zosta\u0142o. Pewne post\u0119py w moim \u015bpiewaniu si\u0119 dokona\u0142y a co najcenniejsze \u015bpiewanie zacz\u0119\u0142o mi dawa\u0107 mn\u00f3stwo satysfakcji i rado\u015bci, tak \u017ce teraz nie mog\u0119 si\u0119 bez niego obej\u015b\u0107 d\u0142u\u017cej ni\u017c kilka dni. <em>Piotr Prokopowicz<\/em><\/p>\n\n\n\n<figure class=\"wp-block-image\"><img decoding=\"async\" src=\"https:\/\/egorova.pl\/pics\/gwiazdki.gif\" alt=\"\"\/><\/figure>\n\n\n\n<p>Og\u0142oszenie o lekcjach \u015bpiewu znalaz\u0142em w Internecie. Um\u00f3wi\u0142em si\u0119 na przes\u0142uchanie i tak zacz\u0119\u0142a si\u0119 moja przygoda z kompletnie innym i nowym dla mnie stylem \u015bpiewania. Lekcje s\u0105 trudne, nauczycielka wymagaj\u0105ca, ale dzisiaj wiem, po blisko roku spotka\u0144, \u017ce to jedyna sensowna droga nauki prawdziwej techniki \u015bpiewania. Elena jest wymagaj\u0105ca, nie ma mowy o jakimkolwiek odpuszczaniu. Jest nakierowana na zupe\u0142ny profesjonalizm, ale przecie\u017c w\u0142a\u015bnie o to chodzi, aby naprawd\u0119 nauczy\u0107 si\u0119 \u015bpiewa\u0107. A przy tym Elena jest mi\u0142a i ciep\u0142a i zawsze u\u015bmiechni\u0119ta. Prowadzona przez Ni\u0105 lekcja mija niepostrze\u017cenie. <em>Jacek Biernacki<\/em><\/p>\n\n\n\n<figure class=\"wp-block-image\"><img decoding=\"async\" src=\"https:\/\/egorova.pl\/pics\/gwiazdki.gif\" alt=\"\"\/><\/figure>\n\n\n\n<p>Do Eleny przychodz\u0119 ju\u017c prawie rok, post\u0119py, kt\u00f3re poczynili\u015bmy s\u0105 naprawd\u0119 ogromne. Zaj\u0119cia te mog\u0119 z czystym sumieniem poleci\u0107 ka\u017cdemu. W przeciwie\u0144stwie do wi\u0119kszo\u015bci znanych &#8222;specjalist\u00f3w&#8221; od g\u0142osu Elena nie uczy niszcz\u0105cych dla strun g\u0142osowych technik, tylko pomaga odkry\u0107 naturalny g\u0142os. Dzi\u0119ki temu jest on pe\u0142ny, dono\u015bny i unikalny, a \u015bpiewanie to nie trening si\u0142owy tylko wypoczynek. Efekty s\u0105 do\u015b\u0107 szybkie, ale oczywi\u015bcie lekcje wymagaj\u0105 skupienia i ci\u0119\u017ckiej pracy. Poza tym Elena jest osob\u0105 naprawd\u0119 sympatyczn\u0105 i zaj\u0119cia z ni\u0105 to czysta przyjemno\u015b\u0107 \ud83d\ude42 <em>Mateusz Cyrankowski<\/em><\/p>\n","protected":false},"excerpt":{"rendered":"<p>Lekcje u Eleny maj\u0105 na celu wyzwolenie w\u0142asnego, niczym nieskr\u0119powanego g\u0142osu. Metody stosowane przez wi\u0119kszo\u015b\u0107 nauczycieli \u015bpiewu pozwalaj\u0105 mechanicznie wzmocni\u0107 lub rozlu\u017ani\u0107 poszczeg\u00f3lne partie mi\u0119\u015bni,<\/p>\n<p><a href=\"https:\/\/egorova.pl\/?page_id=80\" class=\"more-link\">Continue reading<span class=\"screen-reader-text\">O Lekcjach \u015apiewu<\/span><\/a><\/p>\n","protected":false},"author":1,"featured_media":0,"parent":0,"menu_order":0,"comment_status":"closed","ping_status":"closed","template":"","meta":{"footnotes":""},"class_list":["post-80","page","type-page","status-publish","hentry"],"_links":{"self":[{"href":"https:\/\/egorova.pl\/index.php?rest_route=\/wp\/v2\/pages\/80","targetHints":{"allow":["GET"]}}],"collection":[{"href":"https:\/\/egorova.pl\/index.php?rest_route=\/wp\/v2\/pages"}],"about":[{"href":"https:\/\/egorova.pl\/index.php?rest_route=\/wp\/v2\/types\/page"}],"author":[{"embeddable":true,"href":"https:\/\/egorova.pl\/index.php?rest_route=\/wp\/v2\/users\/1"}],"replies":[{"embeddable":true,"href":"https:\/\/egorova.pl\/index.php?rest_route=%2Fwp%2Fv2%2Fcomments&post=80"}],"version-history":[{"count":2,"href":"https:\/\/egorova.pl\/index.php?rest_route=\/wp\/v2\/pages\/80\/revisions"}],"predecessor-version":[{"id":99,"href":"https:\/\/egorova.pl\/index.php?rest_route=\/wp\/v2\/pages\/80\/revisions\/99"}],"wp:attachment":[{"href":"https:\/\/egorova.pl\/index.php?rest_route=%2Fwp%2Fv2%2Fmedia&parent=80"}],"curies":[{"name":"wp","href":"https:\/\/api.w.org\/{rel}","templated":true}]}}